{"id":419,"date":"2021-12-12T19:16:32","date_gmt":"2021-12-12T19:16:32","guid":{"rendered":"https:\/\/idnadarlausnir.is\/?page_id=419"},"modified":"2022-10-09T08:30:33","modified_gmt":"2022-10-09T08:30:33","slug":"heim","status":"publish","type":"page","link":"https:\/\/idnadarlausnir.is\/","title":{"rendered":"Heim"},"content":{"rendered":"<div class=\"brz-root__container brz-reset-all\">\n<section data-uid=\"lhbniluwdigiclyphsspfnuebuwwlhjephzl\" id=\"lhbniluwdigiclyphsspfnuebuwwlhjephzl\" class=\"brz-section brz-css-vdkfc brz-css-tpqtr\">\n<div class=\"brz-slick-slider brz-slick-slider__section\" data-slides-to-show=\"1\" data-slides-to-scroll=\"1\" data-arrows=\"false\" data-dots=\"true\" data-dots-class=\"brz-slick-slider__dots brz-slick-slider__dots--circle\" data-fade=\"false\" data-vertical=\"false\" data-auto-play=\"true\" data-auto-play-speed=\"3000\" data-swipe=\"true\" data-responsive=\"%5B%7B%22breakpoint%22%3A767%2C%22settings%22%3A%7B%22slidesToShow%22%3A1%2C%22slidesToScroll%22%3A1%7D%7D%5D\">\n<div>\n<div class=\"brz-section__content brz-section--boxed brz-css-enfwt brz-css-mbvqe\" data-custom-id=\"amuhninodyymmaetfcfaoyfdjgwjnjnbvsgn\">\n<div class=\"brz-bg\">\n<div class=\"brz-bg-image\"><\/div>\n<div class=\"brz-bg-color\"><\/div>\n<\/div>\n<div class=\"brz-container brz-css-qxvus brz-css-rehoz\">\n<div data-iteration-count=\"1\" class=\"brz-css-yohzl brz-css-hnlkh brz-wrapper brz-animated brz-css-qmeij brz-css-kjkma\">\n<div class=\"brz-rich-text brz-rich-text__custom brz-css-sazjd\" data-custom-id=\"flpalbeuxukmlyqnzavhudjkgqvrnnovhbfg\">\n<div>\n<h1 class=\"brz-css-saapj\" data-uniq-id=\"drhse\" data-generated-css=\"brz-css-dqbyf\"><span class=\"brz-cp-color8\">I\u00d0NA\u00d0ARLAUSTNIR<\/span><\/h1>\n<\/div>\n<\/div>\n<\/div>\n<div class=\"brz-row__container brz-css-rpmzs\" data-custom-id=\"ngdpmjwxhlpzvcomaxuhxmwlovuwiaxrllrn\">\n<div class=\"brz-bg\"><\/div>\n<div class=\"brz-row brz-css-fihtq brz-css-epqkc\">\n<div class=\"brz-columns brz-css-pdouk brz-css-fwmfm\" data-custom-id=\"nsepmxwdjeebxsdoistwzsbtoehmbrxukesx\">\n<div class=\"brz-bg\"><\/div>\n<div class=\"brz-column__items brz-css-kbcdv brz-css-mxfsg\">\n<div data-iteration-count=\"1\" class=\"brz-css-yohzl brz-css-zlfuv brz-wrapper brz-animated brz-css-eshhl brz-css-arzzo\">\n<div class=\"brz-line brz-line-default brz-css-xqvyu brz-css-meeiq\" data-custom-id=\"epwuvbyxqxzlvfxwbrkjwmfwjrkgkjzusgys\">\n<hr class=\"brz-hr\" \/><\/div>\n<\/div>\n<\/div>\n<\/div>\n<div class=\"brz-columns brz-css-pdouk brz-css-avggn\" data-custom-id=\"uoildllazydaqjfyvqjoesybkkbiykzsvplh\">\n<div class=\"brz-bg\"><\/div>\n<div class=\"brz-column__items brz-css-kbcdv brz-css-fbxct\">\n<div data-iteration-count=\"1\" class=\"brz-css-yohzl brz-wrapper brz-animated brz-css-wteco brz-css-vegfn\">\n<div class=\"brz-rich-text brz-rich-text__custom brz-css-sazjd\" data-custom-id=\"bihvvrmennnjsbsidxqmfbcqvipilaevylfm\">\n<div>\n<h4 class=\"brz-css-wbnez\" data-uniq-id=\"jxwho\" data-generated-css=\"brz-css-yyrwi\"><span class=\"brz-cp-color8\">S\u00cd\u00d0AN 2001<\/span><\/h4>\n<\/div>\n<\/div>\n<\/div>\n<\/div>\n<\/div>\n<div class=\"brz-columns brz-css-pdouk brz-css-rffwm\" data-custom-id=\"hphbeuvcnlglcmvyurrpkealujwfglfnpdgm\">\n<div class=\"brz-bg\"><\/div>\n<div class=\"brz-column__items brz-css-kbcdv brz-css-ljhuf\">\n<div data-iteration-count=\"1\" class=\"brz-css-yohzl brz-css-tzjoj brz-wrapper brz-animated brz-css-cnqrx brz-css-tqgqg\">\n<div class=\"brz-line brz-line-default brz-css-xqvyu brz-css-gklry\" data-custom-id=\"njjfbwbcjiegfutwxzwkvpdeghmshnsppqwv\">\n<hr class=\"brz-hr\" \/><\/div>\n<\/div>\n<\/div>\n<\/div>\n<\/div>\n<\/div>\n<\/div>\n<\/div>\n<\/div>\n<div>\n<div class=\"brz-section__content brz-section--boxed brz-css-enfwt brz-css-cfgqd\" data-custom-id=\"safotbktofdwgpagnlcjjldciihecourwdvh\">\n<div class=\"brz-bg\">\n<div class=\"brz-bg-image\"><\/div>\n<div class=\"brz-bg-color\"><\/div>\n<\/div>\n<div class=\"brz-container brz-css-qxvus brz-css-aeeef\">\n<div data-iteration-count=\"1\" class=\"brz-css-yohzl brz-css-gukev brz-wrapper brz-animated brz-css-qmeij brz-css-mneik\">\n<div class=\"brz-rich-text brz-rich-text__custom brz-css-sazjd\" data-custom-id=\"akrotyimfyvoaboqecesfjmvabrqgursaybv\">\n<div>\n<h1 class=\"brz-css-ucmzp\" data-generated-css=\"brz-css-rxzca\" data-uniq-id=\"vfmfn\"><\/h1>\n<\/div>\n<\/div>\n<\/div>\n<\/div>\n<\/div>\n<\/div>\n<div>\n<div class=\"brz-section__content brz-section--boxed brz-css-enfwt brz-css-tcals\" data-custom-id=\"rgadasjiespvkvvnlmbmwvvogoxqvupbirzs\">\n<div class=\"brz-bg\">\n<div class=\"brz-bg-image\"><\/div>\n<div class=\"brz-bg-color\"><\/div>\n<\/div>\n<div class=\"brz-container brz-css-qxvus brz-css-dadlb\"><\/div>\n<\/div>\n<\/div>\n<div>\n<div class=\"brz-section__content brz-section--boxed brz-css-enfwt brz-css-vcrgr\" data-custom-id=\"qgeepwlfeyskjpfgfcpjhdoedlvklnmncxgx\">\n<div class=\"brz-bg\">\n<div class=\"brz-bg-image\"><\/div>\n<div class=\"brz-bg-color\"><\/div>\n<\/div>\n<div class=\"brz-container brz-css-qxvus brz-css-rzeiw\"><\/div>\n<\/div>\n<\/div>\n<\/div>\n<\/section>\n<section data-uid=\"ktwffstimfqzqplkdbbfnourrlbmtcfrkzgr\" id=\"ktwffstimfqzqplkdbbfnourrlbmtcfrkzgr\" class=\"brz-section brz-css-vdkfc\">\n<div class=\"brz-section__content brz-section--boxed brz-css-enfwt brz-css-zqgge\" data-custom-id=\"dzokwstdwkdwjqlsvatsxgcifpxrdwpmsdhv\">\n<div class=\"brz-bg\">\n<div class=\"brz-bg-color\"><\/div>\n<\/div>\n<div class=\"brz-container brz-css-qxvus brz-css-zwozb\">\n<div class=\"brz-row__container brz-css-rpmzs\" data-custom-id=\"qjxgjsctohooipuzpaivuqbasvdgzdaijoaw\">\n<div class=\"brz-bg\"><\/div>\n<div class=\"brz-row brz-css-fihtq brz-css-epqkc\">\n<div class=\"brz-columns brz-css-pdouk brz-css-vednz\" data-custom-id=\"whemtnpoiissotfhsfvxgpazevffpkqpceoq\">\n<div class=\"brz-bg\"><\/div>\n<div class=\"brz-column__items brz-css-kbcdv\">\n<div class=\"brz-css-yohzl brz-wrapper\">\n<div class=\"brz-rich-text brz-rich-text__custom brz-css-sazjd\" data-custom-id=\"rgzlclzktyxjvmuvhgyuqkmzgngewbeaooro\">\n<div>\n<p class=\"brz-css-lszfh\" data-uniq-id=\"jbnwq\" data-generated-css=\"brz-css-rbgmi\"><span class=\"brz-cp-color2\">Vi\u00f0 erum b\u00fainn a\u00f0 flytja okkur \u00ed n\u00fdtt h\u00fasn\u00e6\u00f0i <\/span><\/p>\n<h6 class=\"brz-css-swapz\" data-uniq-id=\"sipkl\" data-generated-css=\"brz-css-rggov\"><span class=\"brz-cp-color1\"> <\/span>Akralind 8,<\/h6>\n<h6 class=\"brz-css-mrdck\" data-uniq-id=\"sipkl\" data-generated-css=\"brz-css-rggov\"> 201 K\u00f3pavogur<\/h6>\n<\/div>\n<\/div>\n<\/div>\n<\/div>\n<\/div>\n<\/div>\n<\/div>\n<div class=\"brz-row__container brz-css-rpmzs\" data-custom-id=\"icvmuqmfehkjzqsmizrzrdclvbhajasyysri\">\n<div class=\"brz-bg\"><\/div>\n<div class=\"brz-row brz-css-fihtq brz-css-epqkc\">\n<div class=\"brz-columns brz-css-pdouk brz-css-mscfz\" data-custom-id=\"ooxiqbwwpesfullxfyynqkewubdihypttisf\">\n<div class=\"brz-bg\"><\/div>\n<div class=\"brz-column__items brz-css-kbcdv\">\n<div class=\"brz-css-yohzl brz-wrapper\">\n<div class=\"brz-map brz-css-mcrle\" data-custom-id=\"ljijuylunfndfawilctuskjfxsrjdapiqgze\">\n<div class=\"brz-map-content\"><iframe class=\"brz-iframe intrinsic-ignore\" src=\"https:\/\/www.google.com\/maps\/embed\/v1\/place?key=AIzaSyCcywKcxXeMZiMwLDcLgyEnNglcLOyB_qw&#038;q=Akralind 8 201 K\u00f3pavogi&#038;zoom=15\"><\/iframe><\/div>\n<\/div>\n<\/div>\n<\/div>\n<\/div>\n<\/div>\n<\/div>\n<\/div>\n<\/div>\n<\/section>\n<\/div>\n<p><!-- version:1665304232 --><\/p>\n","protected":false},"excerpt":{"rendered":"<p>I\u00d0NA\u00d0ARLAUSTNIR S\u00cd\u00d0AN 2001 Vi\u00f0 erum b\u00fainn a\u00f0 flytja okkur \u00ed n\u00fdtt h\u00fasn\u00e6\u00f0i Akralind 8, 201 K\u00f3pavogur<\/p>\n","protected":false},"author":3,"featured_media":0,"parent":0,"menu_order":0,"comment_status":"closed","ping_status":"closed","template":"brizy-blank-template.php","meta":{"site-sidebar-layout":"default","site-content-layout":"","ast-site-content-layout":"default","site-content-style":"default","site-sidebar-style":"default","ast-global-header-display":"","ast-banner-title-visibility":"","ast-main-header-display":"","ast-hfb-above-header-display":"","ast-hfb-below-header-display":"","ast-hfb-mobile-header-display":"","site-post-title":"","ast-breadcrumbs-content":"","ast-featured-img":"","footer-sml-layout":"","ast-disable-related-posts":"","theme-transparent-header-meta":"","adv-header-id-meta":"","stick-header-meta":"","header-above-stick-meta":"","header-main-stick-meta":"","header-below-stick-meta":"","astra-migrate-meta-layouts":"default","ast-page-background-enabled":"default","ast-page-background-meta":{"desktop":{"background-color":"var(--ast-global-color-4)","background-image":"","background-repeat":"repeat","background-position":"center center","background-size":"auto","background-attachment":"scroll","background-type":"","background-media":"","overlay-type":"","overlay-color":"","overlay-opacity":"","overlay-gradient":""},"tablet":{"background-color":"","background-image":"","background-repeat":"repeat","background-position":"center center","background-size":"auto","background-attachment":"scroll","background-type":"","background-media":"","overlay-type":"","overlay-color":"","overlay-opacity":"","overlay-gradient":""},"mobile":{"background-color":"","background-image":"","background-repeat":"repeat","background-position":"center center","background-size":"auto","background-attachment":"scroll","background-type":"","background-media":"","overlay-type":"","overlay-color":"","overlay-opacity":"","overlay-gradient":""}},"ast-content-background-meta":{"desktop":{"background-color":"var(--ast-global-color-5)","background-image":"","background-repeat":"repeat","background-position":"center center","background-size":"auto","background-attachment":"scroll","background-type":"","background-media":"","overlay-type":"","overlay-color":"","overlay-opacity":"","overlay-gradient":""},"tablet":{"background-color":"var(--ast-global-color-5)","background-image":"","background-repeat":"repeat","background-position":"center center","background-size":"auto","background-attachment":"scroll","background-type":"","background-media":"","overlay-type":"","overlay-color":"","overlay-opacity":"","overlay-gradient":""},"mobile":{"background-color":"var(--ast-global-color-5)","background-image":"","background-repeat":"repeat","background-position":"center center","background-size":"auto","background-attachment":"scroll","background-type":"","background-media":"","overlay-type":"","overlay-color":"","overlay-opacity":"","overlay-gradient":""}}},"yoast_head":"<!-- This site is optimized with the Yoast SEO plugin v17.7.1 - https:\/\/yoast.com\/wordpress\/plugins\/seo\/ -->\n<title>Heim - I\u00f0na\u00f0arlausnir<\/title>\n<meta name=\"robots\" content=\"index, follow, max-snippet:-1, max-image-preview:large, max-video-preview:-1\" \/>\n<link rel=\"canonical\" href=\"https:\/\/idnadarlausnir.is\/\" \/>\n<meta property=\"og:locale\" content=\"is_IS\" \/>\n<meta property=\"og:type\" content=\"article\" \/>\n<meta property=\"og:title\" content=\"Heim - I\u00f0na\u00f0arlausnir\" \/>\n<meta property=\"og:description\" content=\"I\u00d0NA\u00d0ARLAUSTNIR S\u00cd\u00d0AN 2001 Vi\u00f0 erum b\u00fainn a\u00f0 flytja okkur \u00ed n\u00fdtt h\u00fasn\u00e6\u00f0i Akralind 8, 201 K\u00f3pavogur\" \/>\n<meta property=\"og:url\" content=\"https:\/\/idnadarlausnir.is\/\" \/>\n<meta property=\"og:site_name\" content=\"I\u00f0na\u00f0arlausnir\" \/>\n<meta property=\"article:modified_time\" content=\"2022-10-09T08:30:33+00:00\" \/>\n<meta name=\"twitter:card\" content=\"summary_large_image\" \/>\n<script type=\"application\/ld+json\" class=\"yoast-schema-graph\">{\"@context\":\"https:\/\/schema.org\",\"@graph\":[{\"@type\":\"WebSite\",\"@id\":\"https:\/\/idnadarlausnir.is\/#website\",\"url\":\"https:\/\/idnadarlausnir.is\/\",\"name\":\"I\\u00f0na\\u00f0arlausnir\",\"description\":\"Hafa r\\u00e9ttu lausnirnar fyrir \\u00feig\",\"potentialAction\":[{\"@type\":\"SearchAction\",\"target\":{\"@type\":\"EntryPoint\",\"urlTemplate\":\"https:\/\/idnadarlausnir.is\/?s={search_term_string}\"},\"query-input\":\"required name=search_term_string\"}],\"inLanguage\":\"is\"},{\"@type\":\"WebPage\",\"@id\":\"https:\/\/idnadarlausnir.is\/#webpage\",\"url\":\"https:\/\/idnadarlausnir.is\/\",\"name\":\"Heim - I\\u00f0na\\u00f0arlausnir\",\"isPartOf\":{\"@id\":\"https:\/\/idnadarlausnir.is\/#website\"},\"datePublished\":\"2021-12-12T19:16:32+00:00\",\"dateModified\":\"2022-10-09T08:30:33+00:00\",\"breadcrumb\":{\"@id\":\"https:\/\/idnadarlausnir.is\/#breadcrumb\"},\"inLanguage\":\"is\",\"potentialAction\":[{\"@type\":\"ReadAction\",\"target\":[\"https:\/\/idnadarlausnir.is\/\"]}]},{\"@type\":\"BreadcrumbList\",\"@id\":\"https:\/\/idnadarlausnir.is\/#breadcrumb\",\"itemListElement\":[{\"@type\":\"ListItem\",\"position\":1,\"name\":\"Home\",\"item\":\"https:\/\/idnadarlausnir.is\/\"},{\"@type\":\"ListItem\",\"position\":2,\"name\":\"Heim\"}]}]}<\/script>\n<!-- \/ Yoast SEO plugin. -->","yoast_head_json":{"title":"Heim - I\u00f0na\u00f0arlausnir","robots":{"index":"index","follow":"follow","max-snippet":"max-snippet:-1","max-image-preview":"max-image-preview:large","max-video-preview":"max-video-preview:-1"},"canonical":"https:\/\/idnadarlausnir.is\/","og_locale":"is_IS","og_type":"article","og_title":"Heim - I\u00f0na\u00f0arlausnir","og_description":"I\u00d0NA\u00d0ARLAUSTNIR S\u00cd\u00d0AN 2001 Vi\u00f0 erum b\u00fainn a\u00f0 flytja okkur \u00ed n\u00fdtt h\u00fasn\u00e6\u00f0i Akralind 8, 201 K\u00f3pavogur","og_url":"https:\/\/idnadarlausnir.is\/","og_site_name":"I\u00f0na\u00f0arlausnir","article_modified_time":"2022-10-09T08:30:33+00:00","twitter_card":"summary_large_image","schema":{"@context":"https:\/\/schema.org","@graph":[{"@type":"WebSite","@id":"https:\/\/idnadarlausnir.is\/#website","url":"https:\/\/idnadarlausnir.is\/","name":"I\u00f0na\u00f0arlausnir","description":"Hafa r\u00e9ttu lausnirnar fyrir \u00feig","potentialAction":[{"@type":"SearchAction","target":{"@type":"EntryPoint","urlTemplate":"https:\/\/idnadarlausnir.is\/?s={search_term_string}"},"query-input":"required name=search_term_string"}],"inLanguage":"is"},{"@type":"WebPage","@id":"https:\/\/idnadarlausnir.is\/#webpage","url":"https:\/\/idnadarlausnir.is\/","name":"Heim - I\u00f0na\u00f0arlausnir","isPartOf":{"@id":"https:\/\/idnadarlausnir.is\/#website"},"datePublished":"2021-12-12T19:16:32+00:00","dateModified":"2022-10-09T08:30:33+00:00","breadcrumb":{"@id":"https:\/\/idnadarlausnir.is\/#breadcrumb"},"inLanguage":"is","potentialAction":[{"@type":"ReadAction","target":["https:\/\/idnadarlausnir.is\/"]}]},{"@type":"BreadcrumbList","@id":"https:\/\/idnadarlausnir.is\/#breadcrumb","itemListElement":[{"@type":"ListItem","position":1,"name":"Home","item":"https:\/\/idnadarlausnir.is\/"},{"@type":"ListItem","position":2,"name":"Heim"}]}]}},"_links":{"self":[{"href":"https:\/\/idnadarlausnir.is\/index.php?rest_route=\/wp\/v2\/pages\/419"}],"collection":[{"href":"https:\/\/idnadarlausnir.is\/index.php?rest_route=\/wp\/v2\/pages"}],"about":[{"href":"https:\/\/idnadarlausnir.is\/index.php?rest_route=\/wp\/v2\/types\/page"}],"author":[{"embeddable":true,"href":"https:\/\/idnadarlausnir.is\/index.php?rest_route=\/wp\/v2\/users\/3"}],"replies":[{"embeddable":true,"href":"https:\/\/idnadarlausnir.is\/index.php?rest_route=%2Fwp%2Fv2%2Fcomments&post=419"}],"version-history":[{"count":30,"href":"https:\/\/idnadarlausnir.is\/index.php?rest_route=\/wp\/v2\/pages\/419\/revisions"}],"predecessor-version":[{"id":749,"href":"https:\/\/idnadarlausnir.is\/index.php?rest_route=\/wp\/v2\/pages\/419\/revisions\/749"}],"wp:attachment":[{"href":"https:\/\/idnadarlausnir.is\/index.php?rest_route=%2Fwp%2Fv2%2Fmedia&parent=419"}],"curies":[{"name":"wp","href":"https:\/\/api.w.org\/{rel}","templated":true}]}}