{"id":508,"date":"2021-12-12T19:27:20","date_gmt":"2021-12-12T19:27:20","guid":{"rendered":"https:\/\/idnadarlausnir.is\/?page_id=508"},"modified":"2022-10-09T08:27:04","modified_gmt":"2022-10-09T08:27:04","slug":"um-okkur-2","status":"publish","type":"page","link":"https:\/\/idnadarlausnir.is\/?page_id=508","title":{"rendered":"Um okkur"},"content":{"rendered":"<div class=\"brz-root__container brz-reset-all\">\n<section data-uid=\"dzadzihuuhjdhunzgatkckmjmxapwptxidxi\" id=\"dzadzihuuhjdhunzgatkckmjmxapwptxidxi\" class=\"brz-section brz-css-jfeht\">\n<div class=\"brz-section__content brz-section--boxed brz-css-uzdys brz-css-uwlth\" data-custom-id=\"idkwonsdhindfgarlbddswshazxdqajeipdh\">\n<div class=\"brz-bg\">\n<div class=\"brz-bg-color\"><\/div>\n<\/div>\n<div class=\"brz-container brz-css-ygirt\">\n<div class=\"brz-css-tpily brz-wrapper\">\n<div class=\"brz-rich-text brz-rich-text__custom brz-css-dzqct\" data-custom-id=\"qszuqpwremzkwawqqkjpsfbedtuhurqgyppk\">\n<div>\n<p data-uniq-id=\"zpwez\" data-generated-css=\"brz-css-woibc\" class=\"brz-css-vgppa\"><span class=\"brz-cp-color2\">Um okkur<\/span><\/p>\n<\/div>\n<\/div>\n<\/div>\n<div class=\"brz-row__container brz-css-dwlys\" data-custom-id=\"qcbpcgnqarccszohyiranrkanxuaujhscdhm\">\n<div class=\"brz-bg\"><\/div>\n<div class=\"brz-row brz-css-plsws\">\n<div class=\"brz-columns brz-css-vhziy\" data-custom-id=\"mjncerohxsdlamtjtntapftpcpklldtasdby\">\n<div class=\"brz-bg\"><\/div>\n<div class=\"brz-column__items brz-css-yowdl\">\n<div class=\"brz-css-tpily brz-wrapper\">\n<div class=\"brz-rich-text brz-rich-text__custom brz-css-dzqct\" data-custom-id=\"wlqohxmnieirrsjsbfosydiwlbjctesiodct\">\n<div>\n<p class=\"brz-css-szbgy\" data-generated-css=\"brz-css-rswah\" data-uniq-id=\"wswfi\"><strong class=\"brz-cp-color2\">I\u00f0na\u00f0arlausnir ehf. var stofna\u00f0 \u00e1ri\u00f0 2001 af P\u00e9tri \u00d3lafssyni og Gu\u00f0mundi \u00d3. Gu\u00f0mundssyni. Fyrirt\u00e6ki\u00f0 s\u00e9rh\u00e6fir sig \u00ed alhli\u00f0a \u00fej\u00f3nustu \u00e1\u00a0st\u00fdri- og stj\u00f3rnunarlausnum fyrir fyrirt\u00e6ki \u00ed i\u00f0na\u00f0i, sj\u00e1var\u00fatvegi o.fl. \u00de\u00e1 flytur fyrirt\u00e6ki\u00f0 einnig inn b\u00e6\u00f0i venjuleg og s\u00e9rh\u00e6f\u00f0 verkf\u00e6ri fyrir atvinnumenn \u00e1samt i\u00f0na\u00f0arv\u00f6rum til \u00fdmissa nota.<\/strong><\/p>\n<p class=\"brz-css-xfeob\" data-generated-css=\"brz-css-jtfyg\" data-uniq-id=\"ohvwg\"><strong class=\"brz-cp-color2\"> <\/strong><\/p>\n<p class=\"brz-css-mmuud\" data-generated-css=\"brz-css-jkkpv\" data-uniq-id=\"nerqy\"><span class=\"brz-cp-color2\">Eitt af markmi\u00f0um me\u00f0 stofnun fyrirt\u00e6kisins var a\u00f0 bj\u00f3\u00f0a upp \u00e1 heildarlausnir \u00ed st\u00fdringum me\u00f0 \u00fer\u00fdstilofti, allt fr\u00e1 loftpressum og loftl\u00f6gnum til loftst\u00fdringa \u00e1 \u00fdmsum b\u00fana\u00f0i.\u00a0Eitt af a\u00f0alverkefnum fyrirt\u00e6kisins hefur veri\u00f0 a\u00f0 leysa vatns og ol\u00eduvandam\u00e1l \u00ed \u00fer\u00fdstiloftsb\u00fana\u00f0i.\u00a0M\u00f6rg sl\u00edk vandam\u00e1l hafa veri\u00f0 leyst hj\u00e1 fyrirt\u00e6kjum h\u00e9r \u00e1 landi.<\/span><\/p>\n<p class=\"brz-css-uqiae\" data-generated-css=\"brz-css-miwxt\" data-uniq-id=\"unibe\"><span class=\"brz-cp-color2\"> <\/span><\/p>\n<p class=\"brz-css-wawej\" data-uniq-id=\"zuevb\" data-generated-css=\"brz-css-geoas\"><span class=\"brz-cp-color2\">I\u00f0na\u00f0arlausnir ehf. er umbo\u00f0 fyrir eitt fremsta fyrirt\u00e6ki \u00ed loftst\u00fdrit\u00e6kni \u00ed heiminum \u00ed dag, en \u00fea\u00f0 er\u00a0FESTO\u00a0\u00ed \u00de\u00fdskalandi. Auk \u00feess a\u00f0 framlei\u00f0a einhvern \u00feann besta b\u00fana\u00f0 \u00ed heiminum sem h\u00e6gt er a\u00f0 f\u00e1 \u00ed loftst\u00fdringum, framlei\u00f0a \u00feeir jafnframt fr\u00e1b\u00e6ran kennslub\u00fana\u00f0 fyrir loft- og v\u00f6kvast\u00fdringar. Loftst\u00fdrib\u00fana\u00f0ur fr\u00e1 \u00feeim er me\u00f0al annars n\u00fdttur vi\u00f0 kennslu \u00ed Borgarholtssk\u00f3la og \u00ed V\u00e9lsk\u00f3lanum en v\u00f6kvat\u00e6knib\u00fana\u00f0ur hj\u00e1 Fr\u00e6\u00f0slumi\u00f0st\u00f6\u00f0 m\u00e1lmi\u00f0na\u00f0arins. Eins og \u00e1\u00f0ur sag\u00f0i \u00fe\u00e1 er\u00a0FESTO\u00a0eitt fremsta fyrirt\u00e6ki\u00f0 \u00ed heiminum hva\u00f0 var\u00f0ar t\u00e6kni og lausnir fyrir v\u00e9lb\u00fana\u00f0 af \u00f6llu tagi.<\/span><\/p>\n<\/div>\n<\/div>\n<\/div>\n<\/div>\n<\/div>\n<div class=\"brz-columns brz-css-vhziy\" data-custom-id=\"bzkdwobrrxihvnkdbcjwmnotswnshldxbuxt\">\n<div class=\"brz-bg\"><\/div>\n<div class=\"brz-column__items brz-css-yowdl\">\n<div class=\"brz-css-tpily brz-wrapper\">\n<div class=\"brz-rich-text brz-rich-text__custom brz-css-dzqct\" data-custom-id=\"lbgyijrcfowmmcetjrzbsqofljtykqxrwhig\">\n<div>\n<p class=\"brz-css-gdnnt\" data-uniq-id=\"bigto\" data-generated-css=\"brz-css-sqbae\"><span class=\"brz-cp-color2\">I\u00f0na\u00f0arlausnir ehf. leggja mikla \u00e1herslu \u00e1 a\u00f0 bj\u00f3\u00f0a upp \u00e1 a\u00f0 fagmenn noti r\u00e9tt verkf\u00e6ri sem eru einstaklega hentug og \u00fe\u00e6gileg a\u00f0 vinna me\u00f0. Starfsmenn hj\u00e1 \u00edslensku st\u00f3r\u00a0i\u00f0nfyrirt\u00e6ki tj\u00e1\u00f0u I\u00f0na\u00f0arlausnum \u00fea\u00f0 a\u00f0 verkf\u00e6ri sem \u00feeir keyptu fyrir tugi \u00fe\u00fasunda hef\u00f0u borga\u00f0 sig upp \u00e1 \u00ferem til fj\u00f3rum d\u00f6gum \u00ed auknum afk\u00f6stum starfsmanna. Verkf\u00e6rin sem h\u00e6gt er a\u00f0 f\u00e1 hj\u00e1 I\u00f0na\u00f0arlausnum eru fr\u00e1\u00a0<\/span><span style=\"color: blue;\">KStools<\/span>\u00a0\u00ed \u00de\u00fdskalandi og Signet \u00ed Kanada. H\u00f6nnun verkf\u00e6ranna felur \u00ed s\u00e9r lausnir sem eru \u00f3l\u00edkar \u00fev\u00ed sem hinga\u00f0 til hefur \u00feekkst en \u00feykja einstaklega g\u00f3\u00f0ar.<\/p>\n<p class=\"brz-css-tngin\" data-uniq-id=\"foseg\" data-generated-css=\"brz-css-ddssa\"><\/p>\n<p class=\"brz-css-fhngl\" data-uniq-id=\"mowsn\" data-generated-css=\"brz-css-elmmk\">\u00de\u00e1 erum vi\u00f0 einnig umbo\u00f0smenn fyrir hina heims\u00feekktu framlei\u00f0endur \u00e1 loftpressum og tilheyrandi b\u00fana\u00f0i.\u00a0<span style=\"color: blue;\">KAESER KOMPRESSOREN<\/span>\u00a0\u00ed \u00de\u00fdskalandi, en \u00feeir framlei\u00f0a \u00fdmsar v\u00e9lar og b\u00fana\u00f0 fyrir \u00fer\u00fdstiloftsframlei\u00f0slu, eins og skr\u00fafupressur, stimpilpressur, k\u00e6li\u00feurrkarar, lofts\u00edur, loftbl\u00e1sarar fyrir fiskeldi, loftverkf\u00e6ri og margt fleira sem komi\u00f0 hefur \u00edslenskum i\u00f0n- og \u00fatger\u00f0arfyrirt\u00e6kjum til g\u00f3\u00f0a.<\/p>\n<p class=\"brz-css-faepi\" data-uniq-id=\"tpbgz\" data-generated-css=\"brz-css-davzs\">\u00de\u00e1 bj\u00f3\u00f0a I\u00f0na\u00f0arlausnir einnig upp \u00e1 umhverfisv\u00e6nar ol\u00eduskiljur fr\u00e1\u00a0<span style=\"color: blue;\">BEKO<\/span>. \u00de\u00e6r fjarl\u00e6gja ol\u00edu \u00far vatni sem kemur \u00far loftpressunum, \u00e1 \u00feeim er sj\u00e1lfvirk aft\u00f6ppun \u00feannig a\u00f0 ekki \u00fearf nema l\u00e1gmarks eftirlit. Me\u00f0 notkun \u00feessara skilja er st\u00f3rlega dregi\u00f0 \u00far ol\u00edumengun fr\u00e1 loftkerfum.<\/p>\n<p class=\"brz-css-nqfzb\" data-generated-css=\"brz-css-rufaf\" data-uniq-id=\"bjztp\"><\/p>\n<\/div>\n<\/div>\n<\/div>\n<\/div>\n<\/div>\n<\/div>\n<\/div>\n<\/div>\n<\/div>\n<\/section>\n<\/div>\n<p><!-- version:1665304024 --><\/p>\n","protected":false},"excerpt":{"rendered":"<p>Um okkur I\u00f0na\u00f0arlausnir ehf. var stofna\u00f0 \u00e1ri\u00f0 2001 af P\u00e9tri \u00d3lafssyni og Gu\u00f0mundi \u00d3. Gu\u00f0mundssyni. Fyrirt\u00e6ki\u00f0 s\u00e9rh\u00e6fir sig \u00ed alhli\u00f0a \u00fej\u00f3nustu \u00e1\u00a0st\u00fdri- og stj\u00f3rnunarlausnum fyrir fyrirt\u00e6ki \u00ed i\u00f0na\u00f0i, sj\u00e1var\u00fatvegi o.fl. \u00de\u00e1 flytur fyrirt\u00e6ki\u00f0 einnig inn b\u00e6\u00f0i venjuleg og s\u00e9rh\u00e6f\u00f0 verkf\u00e6ri fyrir atvinnumenn \u00e1samt i\u00f0na\u00f0arv\u00f6rum til \u00fdmissa nota. Eitt af markmi\u00f0um me\u00f0 stofnun fyrirt\u00e6kisins var a\u00f0 [&hellip;]<\/p>\n","protected":false},"author":3,"featured_media":0,"parent":0,"menu_order":0,"comment_status":"closed","ping_status":"closed","template":"brizy-blank-template.php","meta":{"site-sidebar-layout":"default","site-content-layout":"","ast-site-content-layout":"default","site-content-style":"default","site-sidebar-style":"default","ast-global-header-display":"","ast-banner-title-visibility":"","ast-main-header-display":"","ast-hfb-above-header-display":"","ast-hfb-below-header-display":"","ast-hfb-mobile-header-display":"","site-post-title":"","ast-breadcrumbs-content":"","ast-featured-img":"","footer-sml-layout":"","ast-disable-related-posts":"","theme-transparent-header-meta":"","adv-header-id-meta":"","stick-header-meta":"","header-above-stick-meta":"","header-main-stick-meta":"","header-below-stick-meta":"","astra-migrate-meta-layouts":"default","ast-page-background-enabled":"default","ast-page-background-meta":{"desktop":{"background-color":"var(--ast-global-color-4)","background-image":"","background-repeat":"repeat","background-position":"center center","background-size":"auto","background-attachment":"scroll","background-type":"","background-media":"","overlay-type":"","overlay-color":"","overlay-opacity":"","overlay-gradient":""},"tablet":{"background-color":"","background-image":"","background-repeat":"repeat","background-position":"center center","background-size":"auto","background-attachment":"scroll","background-type":"","background-media":"","overlay-type":"","overlay-color":"","overlay-opacity":"","overlay-gradient":""},"mobile":{"background-color":"","background-image":"","background-repeat":"repeat","background-position":"center center","background-size":"auto","background-attachment":"scroll","background-type":"","background-media":"","overlay-type":"","overlay-color":"","overlay-opacity":"","overlay-gradient":""}},"ast-content-background-meta":{"desktop":{"background-color":"var(--ast-global-color-5)","background-image":"","background-repeat":"repeat","background-position":"center center","background-size":"auto","background-attachment":"scroll","background-type":"","background-media":"","overlay-type":"","overlay-color":"","overlay-opacity":"","overlay-gradient":""},"tablet":{"background-color":"var(--ast-global-color-5)","background-image":"","background-repeat":"repeat","background-position":"center center","background-size":"auto","background-attachment":"scroll","background-type":"","background-media":"","overlay-type":"","overlay-color":"","overlay-opacity":"","overlay-gradient":""},"mobile":{"background-color":"var(--ast-global-color-5)","background-image":"","background-repeat":"repeat","background-position":"center center","background-size":"auto","background-attachment":"scroll","background-type":"","background-media":"","overlay-type":"","overlay-color":"","overlay-opacity":"","overlay-gradient":""}}},"yoast_head":"<!-- This site is optimized with the Yoast SEO plugin v17.7.1 - https:\/\/yoast.com\/wordpress\/plugins\/seo\/ -->\n<title>Um okkur - I\u00f0na\u00f0arlausnir<\/title>\n<meta name=\"robots\" content=\"index, follow, max-snippet:-1, max-image-preview:large, max-video-preview:-1\" \/>\n<link rel=\"canonical\" href=\"https:\/\/idnadarlausnir.is\/?page_id=508\" \/>\n<meta property=\"og:locale\" content=\"is_IS\" \/>\n<meta property=\"og:type\" content=\"article\" \/>\n<meta property=\"og:title\" content=\"Um okkur - I\u00f0na\u00f0arlausnir\" \/>\n<meta property=\"og:description\" content=\"Um okkur I\u00f0na\u00f0arlausnir ehf. var stofna\u00f0 \u00e1ri\u00f0 2001 af P\u00e9tri \u00d3lafssyni og Gu\u00f0mundi \u00d3. Gu\u00f0mundssyni. Fyrirt\u00e6ki\u00f0 s\u00e9rh\u00e6fir sig \u00ed alhli\u00f0a \u00fej\u00f3nustu \u00e1\u00a0st\u00fdri- og stj\u00f3rnunarlausnum fyrir fyrirt\u00e6ki \u00ed i\u00f0na\u00f0i, sj\u00e1var\u00fatvegi o.fl. \u00de\u00e1 flytur fyrirt\u00e6ki\u00f0 einnig inn b\u00e6\u00f0i venjuleg og s\u00e9rh\u00e6f\u00f0 verkf\u00e6ri fyrir atvinnumenn \u00e1samt i\u00f0na\u00f0arv\u00f6rum til \u00fdmissa nota. Eitt af markmi\u00f0um me\u00f0 stofnun fyrirt\u00e6kisins var a\u00f0 [&hellip;]\" \/>\n<meta property=\"og:url\" content=\"https:\/\/idnadarlausnir.is\/?page_id=508\" \/>\n<meta property=\"og:site_name\" content=\"I\u00f0na\u00f0arlausnir\" \/>\n<meta property=\"article:modified_time\" content=\"2022-10-09T08:27:04+00:00\" \/>\n<meta name=\"twitter:card\" content=\"summary_large_image\" \/>\n<meta name=\"twitter:label1\" content=\"Est. reading time\" \/>\n\t<meta name=\"twitter:data1\" content=\"2 minutes\" \/>\n<script type=\"application\/ld+json\" class=\"yoast-schema-graph\">{\"@context\":\"https:\/\/schema.org\",\"@graph\":[{\"@type\":\"WebSite\",\"@id\":\"https:\/\/idnadarlausnir.is\/#website\",\"url\":\"https:\/\/idnadarlausnir.is\/\",\"name\":\"I\\u00f0na\\u00f0arlausnir\",\"description\":\"Hafa r\\u00e9ttu lausnirnar fyrir \\u00feig\",\"potentialAction\":[{\"@type\":\"SearchAction\",\"target\":{\"@type\":\"EntryPoint\",\"urlTemplate\":\"https:\/\/idnadarlausnir.is\/?s={search_term_string}\"},\"query-input\":\"required name=search_term_string\"}],\"inLanguage\":\"is\"},{\"@type\":\"WebPage\",\"@id\":\"https:\/\/idnadarlausnir.is\/?page_id=508#webpage\",\"url\":\"https:\/\/idnadarlausnir.is\/?page_id=508\",\"name\":\"Um okkur - I\\u00f0na\\u00f0arlausnir\",\"isPartOf\":{\"@id\":\"https:\/\/idnadarlausnir.is\/#website\"},\"datePublished\":\"2021-12-12T19:27:20+00:00\",\"dateModified\":\"2022-10-09T08:27:04+00:00\",\"breadcrumb\":{\"@id\":\"https:\/\/idnadarlausnir.is\/?page_id=508#breadcrumb\"},\"inLanguage\":\"is\",\"potentialAction\":[{\"@type\":\"ReadAction\",\"target\":[\"https:\/\/idnadarlausnir.is\/?page_id=508\"]}]},{\"@type\":\"BreadcrumbList\",\"@id\":\"https:\/\/idnadarlausnir.is\/?page_id=508#breadcrumb\",\"itemListElement\":[{\"@type\":\"ListItem\",\"position\":1,\"name\":\"Home\",\"item\":\"https:\/\/idnadarlausnir.is\/\"},{\"@type\":\"ListItem\",\"position\":2,\"name\":\"Um okkur\"}]}]}<\/script>\n<!-- \/ Yoast SEO plugin. -->","yoast_head_json":{"title":"Um okkur - I\u00f0na\u00f0arlausnir","robots":{"index":"index","follow":"follow","max-snippet":"max-snippet:-1","max-image-preview":"max-image-preview:large","max-video-preview":"max-video-preview:-1"},"canonical":"https:\/\/idnadarlausnir.is\/?page_id=508","og_locale":"is_IS","og_type":"article","og_title":"Um okkur - I\u00f0na\u00f0arlausnir","og_description":"Um okkur I\u00f0na\u00f0arlausnir ehf. var stofna\u00f0 \u00e1ri\u00f0 2001 af P\u00e9tri \u00d3lafssyni og Gu\u00f0mundi \u00d3. Gu\u00f0mundssyni. Fyrirt\u00e6ki\u00f0 s\u00e9rh\u00e6fir sig \u00ed alhli\u00f0a \u00fej\u00f3nustu \u00e1\u00a0st\u00fdri- og stj\u00f3rnunarlausnum fyrir fyrirt\u00e6ki \u00ed i\u00f0na\u00f0i, sj\u00e1var\u00fatvegi o.fl. \u00de\u00e1 flytur fyrirt\u00e6ki\u00f0 einnig inn b\u00e6\u00f0i venjuleg og s\u00e9rh\u00e6f\u00f0 verkf\u00e6ri fyrir atvinnumenn \u00e1samt i\u00f0na\u00f0arv\u00f6rum til \u00fdmissa nota. Eitt af markmi\u00f0um me\u00f0 stofnun fyrirt\u00e6kisins var a\u00f0 [&hellip;]","og_url":"https:\/\/idnadarlausnir.is\/?page_id=508","og_site_name":"I\u00f0na\u00f0arlausnir","article_modified_time":"2022-10-09T08:27:04+00:00","twitter_card":"summary_large_image","twitter_misc":{"Est. reading time":"2 minutes"},"schema":{"@context":"https:\/\/schema.org","@graph":[{"@type":"WebSite","@id":"https:\/\/idnadarlausnir.is\/#website","url":"https:\/\/idnadarlausnir.is\/","name":"I\u00f0na\u00f0arlausnir","description":"Hafa r\u00e9ttu lausnirnar fyrir \u00feig","potentialAction":[{"@type":"SearchAction","target":{"@type":"EntryPoint","urlTemplate":"https:\/\/idnadarlausnir.is\/?s={search_term_string}"},"query-input":"required name=search_term_string"}],"inLanguage":"is"},{"@type":"WebPage","@id":"https:\/\/idnadarlausnir.is\/?page_id=508#webpage","url":"https:\/\/idnadarlausnir.is\/?page_id=508","name":"Um okkur - I\u00f0na\u00f0arlausnir","isPartOf":{"@id":"https:\/\/idnadarlausnir.is\/#website"},"datePublished":"2021-12-12T19:27:20+00:00","dateModified":"2022-10-09T08:27:04+00:00","breadcrumb":{"@id":"https:\/\/idnadarlausnir.is\/?page_id=508#breadcrumb"},"inLanguage":"is","potentialAction":[{"@type":"ReadAction","target":["https:\/\/idnadarlausnir.is\/?page_id=508"]}]},{"@type":"BreadcrumbList","@id":"https:\/\/idnadarlausnir.is\/?page_id=508#breadcrumb","itemListElement":[{"@type":"ListItem","position":1,"name":"Home","item":"https:\/\/idnadarlausnir.is\/"},{"@type":"ListItem","position":2,"name":"Um okkur"}]}]}},"_links":{"self":[{"href":"https:\/\/idnadarlausnir.is\/index.php?rest_route=\/wp\/v2\/pages\/508"}],"collection":[{"href":"https:\/\/idnadarlausnir.is\/index.php?rest_route=\/wp\/v2\/pages"}],"about":[{"href":"https:\/\/idnadarlausnir.is\/index.php?rest_route=\/wp\/v2\/types\/page"}],"author":[{"embeddable":true,"href":"https:\/\/idnadarlausnir.is\/index.php?rest_route=\/wp\/v2\/users\/3"}],"replies":[{"embeddable":true,"href":"https:\/\/idnadarlausnir.is\/index.php?rest_route=%2Fwp%2Fv2%2Fcomments&post=508"}],"version-history":[{"count":18,"href":"https:\/\/idnadarlausnir.is\/index.php?rest_route=\/wp\/v2\/pages\/508\/revisions"}],"predecessor-version":[{"id":704,"href":"https:\/\/idnadarlausnir.is\/index.php?rest_route=\/wp\/v2\/pages\/508\/revisions\/704"}],"wp:attachment":[{"href":"https:\/\/idnadarlausnir.is\/index.php?rest_route=%2Fwp%2Fv2%2Fmedia&parent=508"}],"curies":[{"name":"wp","href":"https:\/\/api.w.org\/{rel}","templated":true}]}}