{"id":615,"date":"2021-12-12T22:04:57","date_gmt":"2021-12-12T22:04:57","guid":{"rendered":"https:\/\/idnadarlausnir.is\/?page_id=615"},"modified":"2022-10-10T07:59:26","modified_gmt":"2022-10-10T07:59:26","slug":"birgjar","status":"publish","type":"page","link":"https:\/\/idnadarlausnir.is\/?page_id=615","title":{"rendered":"Birgjar"},"content":{"rendered":"<div class=\"brz-root__container brz-reset-all\">\n<section data-uid=\"hjuapkgjaapysxtdoxgxqdvzpmrxferfxgsf\" id=\"hjuapkgjaapysxtdoxgxqdvzpmrxferfxgsf\" class=\"brz-section brz-css-tuhxm\">\n<div class=\"brz-slick-slider brz-slick-slider__section\" data-slides-to-show=\"1\" data-slides-to-scroll=\"1\" data-arrows=\"false\" data-dots=\"true\" data-dots-class=\"brz-slick-slider__dots brz-slick-slider__dots--circle\" data-fade=\"false\" data-vertical=\"false\" data-auto-play=\"true\" data-auto-play-speed=\"3000\" data-swipe=\"true\" data-responsive=\"%5B%7B%22breakpoint%22%3A767%2C%22settings%22%3A%7B%22slidesToShow%22%3A1%2C%22slidesToScroll%22%3A1%7D%7D%5D\">\n<div>\n<div class=\"brz-section__content brz-section--boxed brz-css-wgyzs brz-css-rbjzg\" data-custom-id=\"srjqxfefwqimecpoqkeguuurpdkaceqydhpj\">\n<div class=\"brz-bg\">\n<div class=\"brz-bg-image\"><\/div>\n<\/div>\n<div class=\"brz-container brz-css-tsxvf\">\n<div class=\"brz-css-eawbn brz-wrapper\">\n<div class=\"brz-rich-text brz-rich-text__custom brz-css-tvkoa\" data-custom-id=\"uvixcwrrdeusnxdbzhupmfchudphqvrgkalw\">\n<div>\n<p class=\"brz-css-nmrzk\" data-generated-css=\"brz-css-lkrgj\" data-uniq-id=\"brvaz\"><span class=\"brz-cp-color8\">BIRGJAR<\/span><\/p>\n<\/div>\n<\/div>\n<\/div>\n<\/div>\n<\/div>\n<\/div>\n<div>\n<div class=\"brz-section__content brz-section--boxed brz-css-wgyzs brz-css-blqyk\" data-custom-id=\"usbdrrifdbxrtttwmudqikbffbefycqzrund\">\n<div class=\"brz-bg\">\n<div class=\"brz-bg-image\"><\/div>\n<\/div>\n<div class=\"brz-container brz-css-tsxvf\"><\/div>\n<\/div>\n<\/div>\n<div>\n<div class=\"brz-section__content brz-section--boxed brz-css-wgyzs brz-css-zivzi\" data-custom-id=\"lgcwwemdebbfcgwgbnmelgrhqomqprjiqlra\">\n<div class=\"brz-bg\">\n<div class=\"brz-bg-image\"><\/div>\n<\/div>\n<div class=\"brz-container brz-css-tsxvf\"><\/div>\n<\/div>\n<\/div>\n<div>\n<div class=\"brz-section__content brz-section--boxed brz-css-wgyzs brz-css-tomxn\" data-custom-id=\"nbresxevgyxsvdswrwywsrfubjnhqcpdmeiy\">\n<div class=\"brz-bg\">\n<div class=\"brz-bg-image\"><\/div>\n<\/div>\n<div class=\"brz-container brz-css-tsxvf\"><\/div>\n<\/div>\n<\/div>\n<\/div>\n<\/section>\n<section data-uid=\"dbtrwcbnegjlxncvvxdqtuibmstttzagggaj\" id=\"dbtrwcbnegjlxncvvxdqtuibmstttzagggaj\" class=\"brz-section brz-css-tuhxm\">\n<div class=\"brz-section__content brz-section--boxed brz-css-wgyzs brz-css-syrqa\" data-custom-id=\"cjujbgkrosupybjlqbpngnsbzaowcupptdps\">\n<div class=\"brz-container brz-css-tsxvf\">\n<div class=\"brz-row__container brz-css-tymuo\" data-custom-id=\"adwuegrrmrhcscszonkvcukdguirganthiqi\">\n<div class=\"brz-bg\"><\/div>\n<div class=\"brz-row brz-css-jsdwk brz-css-pwswd\">\n<div class=\"brz-columns brz-css-asvhv\" data-custom-id=\"ezgtzigfiwyszurygmrijodkjbpfiknwqycw\">\n<div class=\"brz-bg\"><\/div>\n<div class=\"brz-column__items brz-css-agcnn\">\n<div class=\"brz-row__container brz-css-tymuo\" data-custom-id=\"uryfuzdqisnzwvomyveipbwwndigahrahkaj\">\n<div class=\"brz-bg\"><\/div>\n<div class=\"brz-row brz-row--inner brz-css-jsdwk brz-css-pwswd\">\n<div class=\"brz-columns brz-css-asvhv\" data-custom-id=\"wsnluamzfywbiaazwxuzwntjkoabdkmymzwr\">\n<div class=\"brz-bg\"><\/div>\n<div class=\"brz-column__items brz-css-agcnn\">\n<div class=\"brz-css-eawbn brz-wrapper\">\n<div class=\"brz-image brz-css-ztnig\"><img class=\"brz-img\" src=\"https:\/\/idnadarlausnir.is\/wp-content\/uploads\/2015\/04\/festo.jpg\" alt=\"\" loading=\"lazy\" \/><\/div>\n<\/div>\n<\/div>\n<\/div>\n<div class=\"brz-columns brz-css-asvhv\" data-custom-id=\"jjqdfeeulxcaeyuspzkcajvivczchaqfuvfv\">\n<div class=\"brz-bg\"><\/div>\n<div class=\"brz-column__items brz-css-agcnn\">\n<div class=\"brz-css-eawbn brz-wrapper\">\n<div class=\"brz-rich-text brz-rich-text__custom brz-css-tvkoa\" data-custom-id=\"mdouetwnznrhkutieaejslkhwnjfmhutmeqw\">\n<div>\n<p class=\"brz-css-aukye\" data-generated-css=\"brz-css-gcppz\" data-uniq-id=\"gfxot\">FESTO &#8211; Loftst\u00fdringar \u2013 Loftfittings<\/p>\n<p class=\"brz-css-vgjya\" data-generated-css=\"brz-css-vzapq\" data-uniq-id=\"lwoar\">\n<p class=\"brz-css-bzhne\" data-generated-css=\"brz-css-ryqhp\" data-uniq-id=\"obhgq\"><a href=\"http:\/\/www.festo.com\/cat\/no_no\/products\" target=\"_blank\" class=\"link--external\" data-brz-link-type=\"external\" rel=\"noopener\">sko\u00f0a s\u00ed\u00f0u <\/a><\/p>\n<\/div>\n<\/div>\n<\/div>\n<\/div>\n<\/div>\n<\/div>\n<\/div>\n<\/div>\n<\/div>\n<div class=\"brz-columns brz-css-asvhv\" data-custom-id=\"bdmzpoxgevdndgansdzijoipsykvtjygekzh\">\n<div class=\"brz-bg\"><\/div>\n<div class=\"brz-column__items brz-css-agcnn\">\n<div class=\"brz-row__container brz-css-tymuo\" data-custom-id=\"uaahxbrdlzjwjpbgijmsrqmjchcrprbsftjm\">\n<div class=\"brz-bg\"><\/div>\n<div class=\"brz-row brz-row--inner brz-css-jsdwk brz-css-pwswd\">\n<div class=\"brz-columns brz-css-asvhv\" data-custom-id=\"euquypgwtowyzeyfdfmvxnyfafibidsbaigz\">\n<div class=\"brz-bg\"><\/div>\n<div class=\"brz-column__items brz-css-agcnn\">\n<div class=\"brz-css-eawbn brz-wrapper\">\n<div class=\"brz-image brz-css-zqbrq\"><img class=\"brz-img\" src=\"https:\/\/idnadarlausnir.is\/wp-content\/uploads\/2015\/04\/kaeser.jpg\" alt=\"\" loading=\"lazy\" \/><\/div>\n<\/div>\n<\/div>\n<\/div>\n<div class=\"brz-columns brz-css-asvhv\" data-custom-id=\"zbvqezkmgelgblluptkomzeoeeylydsadonh\">\n<div class=\"brz-bg\"><\/div>\n<div class=\"brz-column__items brz-css-agcnn\">\n<div class=\"brz-css-eawbn brz-wrapper\">\n<div class=\"brz-rich-text brz-rich-text__custom brz-css-tvkoa\" data-custom-id=\"ylowtexbtqgzvpthjudfqsalubkfkdkwdkvm\">\n<div>\n<p class=\"brz-css-cufod\" data-uniq-id=\"iczyh\" data-generated-css=\"brz-css-aigtb\">KAESER &#8211; Snigil loftpressur &#8211; K\u00e6lar \/ \u00deurkar<\/p>\n<p class=\"brz-css-kyopy\" data-uniq-id=\"kyaom\" data-generated-css=\"brz-css-drzjw\"><\/p>\n<p class=\"brz-css-xfbtb\" data-uniq-id=\"jqkbw\" data-generated-css=\"brz-css-nvrfb\"><a href=\"www.kaeser.com\/Products_and_Solutions\/default.asp\" target=\"_blank\" class=\"link--external\" data-brz-link-type=\"external\" rel=\"noopener\">sko\u00f0a s\u00ed\u00f0u <\/a><\/p>\n<\/div>\n<\/div>\n<\/div>\n<\/div>\n<\/div>\n<\/div>\n<\/div>\n<\/div>\n<\/div>\n<\/div>\n<\/div>\n<div class=\"brz-row__container brz-css-tymuo\" data-custom-id=\"rvhqxndnmrgojnrnavgdokrhekaekpgoexjr\">\n<div class=\"brz-bg\"><\/div>\n<div class=\"brz-row brz-css-jsdwk brz-css-pwswd\">\n<div class=\"brz-columns brz-css-asvhv\" data-custom-id=\"fwsawkisjdnznmpxvznyjwanumnvscjcemlo\">\n<div class=\"brz-bg\"><\/div>\n<div class=\"brz-column__items brz-css-agcnn\">\n<div class=\"brz-row__container brz-css-tymuo\" data-custom-id=\"muaihskutkryntkcgtkirrcjzqiogfwdlzln\">\n<div class=\"brz-bg\"><\/div>\n<div class=\"brz-row brz-row--inner brz-css-jsdwk brz-css-pwswd\">\n<div class=\"brz-columns brz-css-asvhv\" data-custom-id=\"zchvsnrnsxepjxrlmxhpxinfouvohqwtezpu\">\n<div class=\"brz-bg\"><\/div>\n<div class=\"brz-column__items brz-css-agcnn\">\n<div class=\"brz-css-eawbn brz-wrapper\">\n<div class=\"brz-image brz-css-ilkfy\"><img class=\"brz-img\" src=\"https:\/\/idnadarlausnir.is\/wp-content\/uploads\/2015\/04\/camozzi.jpg\" alt=\"\" loading=\"lazy\" \/><\/div>\n<\/div>\n<\/div>\n<\/div>\n<div class=\"brz-columns brz-css-asvhv\" data-custom-id=\"suummrngxijihwkafkxjzebhgpifcjhmbwxg\">\n<div class=\"brz-bg\"><\/div>\n<div class=\"brz-column__items brz-css-agcnn\">\n<div class=\"brz-css-eawbn brz-wrapper\">\n<div class=\"brz-rich-text brz-rich-text__custom brz-css-tvkoa\" data-custom-id=\"xlfezsvjodaupxmwuisiizlcecdyamrcejuk\">\n<div>\n<p class=\"brz-css-oapwv\" data-uniq-id=\"hzbvj\" data-generated-css=\"brz-css-wqekd\">CAMOZZI &#8211; Loftst\u00fdringar &#8211; Loft fittings<\/p>\n<p class=\"brz-css-kdoij\" data-uniq-id=\"zcxez\" data-generated-css=\"brz-css-kujlo\"><\/p>\n<p class=\"brz-css-zcbst\" data-uniq-id=\"iotis\" data-generated-css=\"brz-css-lspwn\"><a href=\"http:\/\/catalogue.camozzi.com\/Default.aspx\" target=\"_blank\" class=\"link--external\" data-brz-link-type=\"external\" rel=\"noopener\">sko\u00f0a s\u00ed\u00f0u <\/a><\/p>\n<\/div>\n<\/div>\n<\/div>\n<\/div>\n<\/div>\n<\/div>\n<\/div>\n<\/div>\n<\/div>\n<div class=\"brz-columns brz-css-asvhv\" data-custom-id=\"vkohsnwcvnaupxbzauwzttjkurxkuovecbzj\">\n<div class=\"brz-bg\"><\/div>\n<div class=\"brz-column__items brz-css-agcnn\">\n<div class=\"brz-row__container brz-css-tymuo\" data-custom-id=\"zvmutpposlomdzxfokyzusgjfkbxkfjiufdt\">\n<div class=\"brz-bg\"><\/div>\n<div class=\"brz-row brz-row--inner brz-css-jsdwk brz-css-pwswd\">\n<div class=\"brz-columns brz-css-asvhv\" data-custom-id=\"rokajpurkhrkfykwgtugxnbffapeakvcykeg\">\n<div class=\"brz-bg\"><\/div>\n<div class=\"brz-column__items brz-css-agcnn\">\n<div class=\"brz-css-eawbn brz-wrapper\">\n<div class=\"brz-image brz-css-nqiik\"><img class=\"brz-img\" src=\"https:\/\/idnadarlausnir.is\/wp-content\/uploads\/2015\/04\/beko.jpg\" alt=\"\" loading=\"lazy\" \/><\/div>\n<\/div>\n<\/div>\n<\/div>\n<div class=\"brz-columns brz-css-asvhv\" data-custom-id=\"cinvntyozynbjdyfehrkcivjmbqxylljsgfp\">\n<div class=\"brz-bg\"><\/div>\n<div class=\"brz-column__items brz-css-agcnn\">\n<div class=\"brz-css-eawbn brz-wrapper\">\n<div class=\"brz-rich-text brz-rich-text__custom brz-css-tvkoa\" data-custom-id=\"appxavxsepxezyabikrpalyhpzctmnyvijtx\">\n<div>\n<p class=\"brz-css-njedu\" data-uniq-id=\"lvukd\" data-generated-css=\"brz-css-ybxbw\">BEKO &#8211; Lofts\u00edur &#8211; Loft me\u00f0h\u00f6ndlun<\/p>\n<p class=\"brz-css-ogjuc\" data-uniq-id=\"gmecc\" data-generated-css=\"brz-css-igrmd\"><\/p>\n<p class=\"brz-css-qjelf\" data-uniq-id=\"mhzoy\" data-generated-css=\"brz-css-xonot\"><a href=\"http:\/\/www.beko-technologies.co.uk\/products\/\" target=\"_blank\" class=\"link--external\" data-brz-link-type=\"external\" rel=\"noopener\">sko\u00f0a s\u00ed\u00f0u <\/a><\/p>\n<\/div>\n<\/div>\n<\/div>\n<\/div>\n<\/div>\n<\/div>\n<\/div>\n<\/div>\n<\/div>\n<\/div>\n<\/div>\n<\/div>\n<\/div>\n<\/section>\n<\/div>\n<p><!-- version:1665388766 --><\/p>\n","protected":false},"excerpt":{"rendered":"<p>BIRGJAR FESTO &#8211; Loftst\u00fdringar \u2013 Loftfittings sko\u00f0a s\u00ed\u00f0u KAESER &#8211; Snigil loftpressur &#8211; K\u00e6lar \/ \u00deurkar sko\u00f0a s\u00ed\u00f0u CAMOZZI &#8211; Loftst\u00fdringar &#8211; Loft fittings sko\u00f0a s\u00ed\u00f0u BEKO &#8211; Lofts\u00edur &#8211; Loft me\u00f0h\u00f6ndlun sko\u00f0a s\u00ed\u00f0u<\/p>\n","protected":false},"author":3,"featured_media":0,"parent":0,"menu_order":0,"comment_status":"closed","ping_status":"closed","template":"brizy-blank-template.php","meta":{"site-sidebar-layout":"default","site-content-layout":"","ast-site-content-layout":"default","site-content-style":"default","site-sidebar-style":"default","ast-global-header-display":"","ast-banner-title-visibility":"","ast-main-header-display":"","ast-hfb-above-header-display":"","ast-hfb-below-header-display":"","ast-hfb-mobile-header-display":"","site-post-title":"","ast-breadcrumbs-content":"","ast-featured-img":"","footer-sml-layout":"","ast-disable-related-posts":"","theme-transparent-header-meta":"","adv-header-id-meta":"","stick-header-meta":"","header-above-stick-meta":"","header-main-stick-meta":"","header-below-stick-meta":"","astra-migrate-meta-layouts":"default","ast-page-background-enabled":"default","ast-page-background-meta":{"desktop":{"background-color":"var(--ast-global-color-4)","background-image":"","background-repeat":"repeat","background-position":"center center","background-size":"auto","background-attachment":"scroll","background-type":"","background-media":"","overlay-type":"","overlay-color":"","overlay-opacity":"","overlay-gradient":""},"tablet":{"background-color":"","background-image":"","background-repeat":"repeat","background-position":"center center","background-size":"auto","background-attachment":"scroll","background-type":"","background-media":"","overlay-type":"","overlay-color":"","overlay-opacity":"","overlay-gradient":""},"mobile":{"background-color":"","background-image":"","background-repeat":"repeat","background-position":"center center","background-size":"auto","background-attachment":"scroll","background-type":"","background-media":"","overlay-type":"","overlay-color":"","overlay-opacity":"","overlay-gradient":""}},"ast-content-background-meta":{"desktop":{"background-color":"var(--ast-global-color-5)","background-image":"","background-repeat":"repeat","background-position":"center center","background-size":"auto","background-attachment":"scroll","background-type":"","background-media":"","overlay-type":"","overlay-color":"","overlay-opacity":"","overlay-gradient":""},"tablet":{"background-color":"var(--ast-global-color-5)","background-image":"","background-repeat":"repeat","background-position":"center center","background-size":"auto","background-attachment":"scroll","background-type":"","background-media":"","overlay-type":"","overlay-color":"","overlay-opacity":"","overlay-gradient":""},"mobile":{"background-color":"var(--ast-global-color-5)","background-image":"","background-repeat":"repeat","background-position":"center center","background-size":"auto","background-attachment":"scroll","background-type":"","background-media":"","overlay-type":"","overlay-color":"","overlay-opacity":"","overlay-gradient":""}}},"yoast_head":"<!-- This site is optimized with the Yoast SEO plugin v17.7.1 - https:\/\/yoast.com\/wordpress\/plugins\/seo\/ -->\n<title>Birgjar - I\u00f0na\u00f0arlausnir<\/title>\n<meta name=\"robots\" content=\"index, follow, max-snippet:-1, max-image-preview:large, max-video-preview:-1\" \/>\n<link rel=\"canonical\" href=\"https:\/\/idnadarlausnir.is\/?page_id=615\" \/>\n<meta property=\"og:locale\" content=\"is_IS\" \/>\n<meta property=\"og:type\" content=\"article\" \/>\n<meta property=\"og:title\" content=\"Birgjar - I\u00f0na\u00f0arlausnir\" \/>\n<meta property=\"og:description\" content=\"BIRGJAR FESTO &#8211; Loftst\u00fdringar \u2013 Loftfittings sko\u00f0a s\u00ed\u00f0u KAESER &#8211; Snigil loftpressur &#8211; K\u00e6lar \/ \u00deurkar sko\u00f0a s\u00ed\u00f0u CAMOZZI &#8211; Loftst\u00fdringar &#8211; Loft fittings sko\u00f0a s\u00ed\u00f0u BEKO &#8211; Lofts\u00edur &#8211; Loft me\u00f0h\u00f6ndlun sko\u00f0a s\u00ed\u00f0u\" \/>\n<meta property=\"og:url\" content=\"https:\/\/idnadarlausnir.is\/?page_id=615\" \/>\n<meta property=\"og:site_name\" content=\"I\u00f0na\u00f0arlausnir\" \/>\n<meta property=\"article:modified_time\" content=\"2022-10-10T07:59:26+00:00\" \/>\n<meta property=\"og:image\" content=\"https:\/\/idnadarlausnir.is\/wp-content\/uploads\/2015\/04\/festo.jpg\" \/>\n<meta name=\"twitter:card\" content=\"summary_large_image\" \/>\n<meta name=\"twitter:label1\" content=\"Est. reading time\" \/>\n\t<meta name=\"twitter:data1\" content=\"1 minute\" \/>\n<script type=\"application\/ld+json\" class=\"yoast-schema-graph\">{\"@context\":\"https:\/\/schema.org\",\"@graph\":[{\"@type\":\"WebSite\",\"@id\":\"https:\/\/idnadarlausnir.is\/#website\",\"url\":\"https:\/\/idnadarlausnir.is\/\",\"name\":\"I\\u00f0na\\u00f0arlausnir\",\"description\":\"Hafa r\\u00e9ttu lausnirnar fyrir \\u00feig\",\"potentialAction\":[{\"@type\":\"SearchAction\",\"target\":{\"@type\":\"EntryPoint\",\"urlTemplate\":\"https:\/\/idnadarlausnir.is\/?s={search_term_string}\"},\"query-input\":\"required name=search_term_string\"}],\"inLanguage\":\"is\"},{\"@type\":\"ImageObject\",\"@id\":\"https:\/\/idnadarlausnir.is\/?page_id=615#primaryimage\",\"inLanguage\":\"is\",\"url\":\"https:\/\/idnadarlausnir.is\/wp-content\/uploads\/2015\/04\/festo.jpg\",\"contentUrl\":\"https:\/\/idnadarlausnir.is\/wp-content\/uploads\/2015\/04\/festo.jpg\",\"width\":1181,\"height\":211},{\"@type\":\"WebPage\",\"@id\":\"https:\/\/idnadarlausnir.is\/?page_id=615#webpage\",\"url\":\"https:\/\/idnadarlausnir.is\/?page_id=615\",\"name\":\"Birgjar - I\\u00f0na\\u00f0arlausnir\",\"isPartOf\":{\"@id\":\"https:\/\/idnadarlausnir.is\/#website\"},\"primaryImageOfPage\":{\"@id\":\"https:\/\/idnadarlausnir.is\/?page_id=615#primaryimage\"},\"datePublished\":\"2021-12-12T22:04:57+00:00\",\"dateModified\":\"2022-10-10T07:59:26+00:00\",\"breadcrumb\":{\"@id\":\"https:\/\/idnadarlausnir.is\/?page_id=615#breadcrumb\"},\"inLanguage\":\"is\",\"potentialAction\":[{\"@type\":\"ReadAction\",\"target\":[\"https:\/\/idnadarlausnir.is\/?page_id=615\"]}]},{\"@type\":\"BreadcrumbList\",\"@id\":\"https:\/\/idnadarlausnir.is\/?page_id=615#breadcrumb\",\"itemListElement\":[{\"@type\":\"ListItem\",\"position\":1,\"name\":\"Home\",\"item\":\"https:\/\/idnadarlausnir.is\/\"},{\"@type\":\"ListItem\",\"position\":2,\"name\":\"Birgjar\"}]}]}<\/script>\n<!-- \/ Yoast SEO plugin. -->","yoast_head_json":{"title":"Birgjar - I\u00f0na\u00f0arlausnir","robots":{"index":"index","follow":"follow","max-snippet":"max-snippet:-1","max-image-preview":"max-image-preview:large","max-video-preview":"max-video-preview:-1"},"canonical":"https:\/\/idnadarlausnir.is\/?page_id=615","og_locale":"is_IS","og_type":"article","og_title":"Birgjar - I\u00f0na\u00f0arlausnir","og_description":"BIRGJAR FESTO &#8211; Loftst\u00fdringar \u2013 Loftfittings sko\u00f0a s\u00ed\u00f0u KAESER &#8211; Snigil loftpressur &#8211; K\u00e6lar \/ \u00deurkar sko\u00f0a s\u00ed\u00f0u CAMOZZI &#8211; Loftst\u00fdringar &#8211; Loft fittings sko\u00f0a s\u00ed\u00f0u BEKO &#8211; Lofts\u00edur &#8211; Loft me\u00f0h\u00f6ndlun sko\u00f0a s\u00ed\u00f0u","og_url":"https:\/\/idnadarlausnir.is\/?page_id=615","og_site_name":"I\u00f0na\u00f0arlausnir","article_modified_time":"2022-10-10T07:59:26+00:00","og_image":[{"url":"https:\/\/idnadarlausnir.is\/wp-content\/uploads\/2015\/04\/festo.jpg"}],"twitter_card":"summary_large_image","twitter_misc":{"Est. reading time":"1 minute"},"schema":{"@context":"https:\/\/schema.org","@graph":[{"@type":"WebSite","@id":"https:\/\/idnadarlausnir.is\/#website","url":"https:\/\/idnadarlausnir.is\/","name":"I\u00f0na\u00f0arlausnir","description":"Hafa r\u00e9ttu lausnirnar fyrir \u00feig","potentialAction":[{"@type":"SearchAction","target":{"@type":"EntryPoint","urlTemplate":"https:\/\/idnadarlausnir.is\/?s={search_term_string}"},"query-input":"required name=search_term_string"}],"inLanguage":"is"},{"@type":"ImageObject","@id":"https:\/\/idnadarlausnir.is\/?page_id=615#primaryimage","inLanguage":"is","url":"https:\/\/idnadarlausnir.is\/wp-content\/uploads\/2015\/04\/festo.jpg","contentUrl":"https:\/\/idnadarlausnir.is\/wp-content\/uploads\/2015\/04\/festo.jpg","width":1181,"height":211},{"@type":"WebPage","@id":"https:\/\/idnadarlausnir.is\/?page_id=615#webpage","url":"https:\/\/idnadarlausnir.is\/?page_id=615","name":"Birgjar - I\u00f0na\u00f0arlausnir","isPartOf":{"@id":"https:\/\/idnadarlausnir.is\/#website"},"primaryImageOfPage":{"@id":"https:\/\/idnadarlausnir.is\/?page_id=615#primaryimage"},"datePublished":"2021-12-12T22:04:57+00:00","dateModified":"2022-10-10T07:59:26+00:00","breadcrumb":{"@id":"https:\/\/idnadarlausnir.is\/?page_id=615#breadcrumb"},"inLanguage":"is","potentialAction":[{"@type":"ReadAction","target":["https:\/\/idnadarlausnir.is\/?page_id=615"]}]},{"@type":"BreadcrumbList","@id":"https:\/\/idnadarlausnir.is\/?page_id=615#breadcrumb","itemListElement":[{"@type":"ListItem","position":1,"name":"Home","item":"https:\/\/idnadarlausnir.is\/"},{"@type":"ListItem","position":2,"name":"Birgjar"}]}]}},"_links":{"self":[{"href":"https:\/\/idnadarlausnir.is\/index.php?rest_route=\/wp\/v2\/pages\/615"}],"collection":[{"href":"https:\/\/idnadarlausnir.is\/index.php?rest_route=\/wp\/v2\/pages"}],"about":[{"href":"https:\/\/idnadarlausnir.is\/index.php?rest_route=\/wp\/v2\/types\/page"}],"author":[{"embeddable":true,"href":"https:\/\/idnadarlausnir.is\/index.php?rest_route=\/wp\/v2\/users\/3"}],"replies":[{"embeddable":true,"href":"https:\/\/idnadarlausnir.is\/index.php?rest_route=%2Fwp%2Fv2%2Fcomments&post=615"}],"version-history":[{"count":29,"href":"https:\/\/idnadarlausnir.is\/index.php?rest_route=\/wp\/v2\/pages\/615\/revisions"}],"predecessor-version":[{"id":720,"href":"https:\/\/idnadarlausnir.is\/index.php?rest_route=\/wp\/v2\/pages\/615\/revisions\/720"}],"wp:attachment":[{"href":"https:\/\/idnadarlausnir.is\/index.php?rest_route=%2Fwp%2Fv2%2Fmedia&parent=615"}],"curies":[{"name":"wp","href":"https:\/\/api.w.org\/{rel}","templated":true}]}}